{"id":90,"date":"2022-04-21T12:36:15","date_gmt":"2022-04-21T10:36:15","guid":{"rendered":"http:\/\/archeologiainlombardia.cultura.gov.it\/?page_id=90"},"modified":"2022-06-13T14:57:08","modified_gmt":"2022-06-13T12:57:08","slug":"home-page","status":"publish","type":"page","link":"https:\/\/archeologiainlombardia.cultura.gov.it\/","title":{"rendered":"&rarr;"},"content":{"rendered":"\n<p>Qui \u00e8 possibile trovare notizie sulle modalit\u00e0 di consegna della documentazione archeologica, sulle societ\u00e0 archeologiche operanti in regione, sulle pubblicazioni realizzate dalla Soprintendenza per i Beni archeologici fino al 2016 e dalle SABAP dopo questa data.<\/p>\n\n\n<div class=\"wp-block-image\">\n<figure class=\"aligncenter size-full\"><img loading=\"lazy\" decoding=\"async\" width=\"350\" height=\"310\" src=\"http:\/\/archeologiainlombardia.cultura.gov.it\/wp-content\/uploads\/2022\/04\/SABAP-Lombardia.jpg\" alt=\"\" class=\"wp-image-137\" srcset=\"https:\/\/archeologiainlombardia.cultura.gov.it\/wp-content\/uploads\/2022\/04\/SABAP-Lombardia.jpg 350w, https:\/\/archeologiainlombardia.cultura.gov.it\/wp-content\/uploads\/2022\/04\/SABAP-Lombardia-300x266.jpg 300w\" sizes=\"auto, (max-width: 350px) 100vw, 350px\" \/><\/figure>\n<\/div>\n\n\n<p><\/p>\n","protected":false},"excerpt":{"rendered":"<p>Qui \u00e8 possibile trovare notizie sulle modalit\u00e0 di consegna della documentazione archeologica, sulle societ\u00e0 archeologiche operanti in regione, sulle pubblicazioni realizzate dalla Soprintendenza per i &#8230; <\/p>\n","protected":false},"author":1,"featured_media":0,"parent":0,"menu_order":0,"comment_status":"closed","ping_status":"closed","template":"home.php","meta":{"footnotes":""},"class_list":["post-90","page","type-page","status-publish","hentry"],"_links":{"self":[{"href":"https:\/\/archeologiainlombardia.cultura.gov.it\/index.php?rest_route=\/wp\/v2\/pages\/90","targetHints":{"allow":["GET"]}}],"collection":[{"href":"https:\/\/archeologiainlombardia.cultura.gov.it\/index.php?rest_route=\/wp\/v2\/pages"}],"about":[{"href":"https:\/\/archeologiainlombardia.cultura.gov.it\/index.php?rest_route=\/wp\/v2\/types\/page"}],"author":[{"embeddable":true,"href":"https:\/\/archeologiainlombardia.cultura.gov.it\/index.php?rest_route=\/wp\/v2\/users\/1"}],"replies":[{"embeddable":true,"href":"https:\/\/archeologiainlombardia.cultura.gov.it\/index.php?rest_route=%2Fwp%2Fv2%2Fcomments&post=90"}],"version-history":[{"count":15,"href":"https:\/\/archeologiainlombardia.cultura.gov.it\/index.php?rest_route=\/wp\/v2\/pages\/90\/revisions"}],"predecessor-version":[{"id":484,"href":"https:\/\/archeologiainlombardia.cultura.gov.it\/index.php?rest_route=\/wp\/v2\/pages\/90\/revisions\/484"}],"wp:attachment":[{"href":"https:\/\/archeologiainlombardia.cultura.gov.it\/index.php?rest_route=%2Fwp%2Fv2%2Fmedia&parent=90"}],"curies":[{"name":"wp","href":"https:\/\/api.w.org\/{rel}","templated":true}]}}